{"id":1896,"date":"2022-03-12T12:30:46","date_gmt":"2022-03-12T12:30:46","guid":{"rendered":"https:\/\/sarj.se\/?page_id=1896"},"modified":"2022-03-26T14:58:08","modified_gmt":"2022-03-26T14:58:08","slug":"miljo-och-kostnadsanalys","status":"publish","type":"page","link":"https:\/\/sarj.se\/en\/oxe-diesel\/miljo-och-kostnadsanalys\/","title":{"rendered":"Enviromental and cost analysis"},"content":{"rendered":"<style>.wp-block-kadence-advancedheading.kt-adv-heading_8c1be5-22, .wp-block-kadence-advancedheading.kt-adv-heading_8c1be5-22[data-kb-block=\"kb-adv-heading_8c1be5-22\"]{text-align:center;font-style:normal;}.wp-block-kadence-advancedheading.kt-adv-heading_8c1be5-22 mark.kt-highlight, .wp-block-kadence-advancedheading.kt-adv-heading_8c1be5-22[data-kb-block=\"kb-adv-heading_8c1be5-22\"] mark.kt-highlight{font-style:normal;color:#f76a0c;-webkit-box-decoration-break:clone;box-decoration-break:clone;padding-top:0px;padding-right:0px;padding-bottom:0px;padding-left:0px;}<\/style>\n<h2 class=\"kt-adv-heading_8c1be5-22 wp-block-kadence-advancedheading\" data-kb-block=\"kb-adv-heading_8c1be5-22\"><strong>Enviromental and cost analysis<\/strong><\/h2><p class=\"has-text-align-center translation-block\">In our analysis you are able to get a personal report of your savings you when using a <strong> OXE Diesel <\/strong> Diesel outbord engine. Using your personal data we can calculate how much less fuel you will use and the reduction of CO2 emissions<\/p><p class=\"has-text-align-center\">Please answer the questions in the form below, and we will soon come back to you with your saving<\/p><style>#kt-layout-id_379be3-f9 > .kt-row-column-wrap{align-content:start;}:where(#kt-layout-id_379be3-f9 > .kt-row-column-wrap) > .wp-block-kadence-column{justify-content:start;}#kt-layout-id_379be3-f9 > .kt-row-column-wrap{column-gap:var(--global-kb-gap-md, 2rem);row-gap:var(--global-kb-gap-md, 2rem);max-width:var( --global-content-width, 1290px );padding-left:var(--global-content-edge-padding);padding-right:var(--global-content-edge-padding);padding-top:var( --global-kb-row-default-top, 25px );padding-bottom:var( --global-kb-row-default-bottom, 25px );padding-top:0px;padding-bottom:85px;grid-template-columns:minmax(0, 1fr);}#kt-layout-id_379be3-f9 > .kt-row-layout-overlay{opacity:0.30;}@media all and (max-width: 1024px){#kt-layout-id_379be3-f9 > .kt-row-column-wrap{grid-template-columns:minmax(0, 1fr);}}@media all and (max-width: 767px){#kt-layout-id_379be3-f9 > .kt-row-column-wrap{grid-template-columns:minmax(0, 1fr);}}<\/style>\n<div class=\"wp-block-kadence-rowlayout alignnone\"><div id=\"kt-layout-id_379be3-f9\" class=\"kt-row-layout-inner kt-layout-id_379be3-f9\"><div class=\"kt-row-column-wrap kt-has-1-columns kt-gutter-default kt-v-gutter-default kt-row-valign-top kt-row-layout-equal kt-tab-layout-inherit kt-m-colapse-left-to-right kt-mobile-layout-row kb-theme-content-width\"><style>.kadence-column_32b6a3-97 > .kt-inside-inner-col{border-top-width:0px;border-right-width:0px;border-bottom-width:0px;border-left-width:0px;}.kadence-column_32b6a3-97 > .kt-inside-inner-col,.kadence-column_32b6a3-97 > .kt-inside-inner-col:before{border-top-left-radius:0px;border-top-right-radius:0px;border-bottom-right-radius:0px;border-bottom-left-radius:0px;}.kadence-column_32b6a3-97 > .kt-inside-inner-col{column-gap:var(--global-kb-gap-sm, 1rem);}.kadence-column_32b6a3-97 > .kt-inside-inner-col{flex-direction:column;}.kadence-column_32b6a3-97 > .kt-inside-inner-col > .aligncenter{width:100%;}.kadence-column_32b6a3-97 > .kt-inside-inner-col:before{opacity:0.3;}.kadence-column_32b6a3-97{position:relative;}@media all and (max-width: 1024px){.kadence-column_32b6a3-97 > .kt-inside-inner-col{flex-direction:column;}}@media all and (max-width: 767px){.kadence-column_32b6a3-97 > .kt-inside-inner-col{flex-direction:column;}}<\/style>\n<div class=\"wp-block-kadence-column inner-column-1 kadence-column_32b6a3-97\"><div class=\"kt-inside-inner-col\"><style>.kadence-form-_e83ef9-f2 .kb-form .kadence-blocks-form-field .kb-text-style-field, .kadence-form-_e83ef9-f2 .kb-form .kadence-blocks-form-field .kb-select-style-field{border-radius:6px;background:var(--global-palette9, #ffffff);border-color:#b5bec8;box-shadow:2px 2px 4px 0px rgba(0, 0, 0, 0.02);}.kadence-form-_e83ef9-f2 .kb-form .kadence-blocks-form-field .kb-text-style-field:focus, .kadence-form-_e83ef9-f2 .kb-form .kadence-blocks-form-field .kb-select-style-field:focus{box-shadow:2px 2px 4px 0px rgba(0, 0, 0, 0.06);}.kadence-form-_e83ef9-f2 .kb-form .kadence-blocks-form-field > label{color:var(--global-palette4, #2D3748);font-size:1em;}.kadence-form-_e83ef9-f2 .kb-form .kadence-blocks-form-field .kb-forms-submit{color:var(--global-palette7, #EDF2F7);border-radius:6px;background:var(--global-palette1, #3182CE);}.kadence-form-_e83ef9-f2 .kb-form .kadence-blocks-form-field .kb-forms-submit:hover, .kadence-form-_e83ef9-f2 .kb-form .kadence-blocks-form-field .kb-forms-submit:focus {color:var(--global-palette9, #ffffff);background:var(--global-palette2, #2B6CB0);}.kadence-form-_e83ef9-f2 .kb-form .kadence-blocks-form-field .kb-forms-submit{padding-top:12px;padding-right:40px;padding-bottom:12px;padding-left:40px;}.kadence-form-_e83ef9-f2 .kb-form .kadence-blocks-form-field .kb-forms-submit{font-size:20px;}.kb-form input.kadence-blocks-field.verify{opacity:0.0;position:absolute;top:0.0;left:0.0;width:0.0;height:0.0;z-index:-1;}<\/style>\n<div class=\"wp-block-kadence-form kadence-form-_e83ef9-f2 kb-form-wrap\"><form class=\"kb-form\" action=\"\" method=\"post\" data-error-message=\"Fyll i de f\u00e4lt som kr\u00e4vs\" data-trp-original-action=\"\"><div class=\"kadence-blocks-form-field kb-field-desk-width-50 kb-input-size-standard\"><label for=\"kb_field__e83ef9-f2_0\">Name <\/label><input name=\"kb_field_0\" id=\"kb_field__e83ef9-f2_0\" data-label=\"Namn \" type=\"text\" placeholder=\"\" value=\"\" data-type=\"text\" class=\"kb-field kb-text-style-field kb-text-field kb-field-0\" data-required=\"yes\"\/><\/div><div class=\"kadence-blocks-form-field kb-form-field-1 kb-field-desk-width-50 kb-input-size-standard\"><label for=\"kb_field__e83ef9-f2_1\">Company<\/label><input name=\"kb_field_1\" id=\"kb_field__e83ef9-f2_1\" data-label=\"F\u00f6retag\" type=\"text\" placeholder=\"Optional\" value=\"\" data-type=\"text\" class=\"kb-field kb-text-style-field kb-text-field kb-field-1\" data-required=\"yes\"\/><\/div><div class=\"kadence-blocks-form-field kb-form-field-2 kb-field-desk-width-50 kb-input-size-standard\"><label for=\"kb_field__e83ef9-f2_2\">E-mail<\/label><input name=\"kb_field_2\" id=\"kb_field__e83ef9-f2_2\" data-label=\"E-post\" type=\"email\" placeholder=\"\" value=\"\" data-type=\"email\" class=\"kb-field kb-text-style-field kb-email-field kb-field-2\" data-required=\"yes\"\/><\/div><div class=\"kadence-blocks-form-field kb-form-field-3 kb-field-desk-width-50 kb-input-size-standard\"><label for=\"kb_field__e83ef9-f2_3\">Phone number<\/label><input name=\"kb_field_3\" id=\"kb_field__e83ef9-f2_3\" data-label=\"Telefonnummer\" type=\"tel\" placeholder=\"Optional\" value=\"\" data-type=\"tel\" class=\"kb-field kb-text-style-field kb-tel-field kb-field-3\"\/><\/div><div class=\"kadence-blocks-form-field kb-form-field-4 kb-field-desk-width-100 kb-input-size-standard\"><label for=\"kb_field__e83ef9-f2_4\">Engine horsepower<\/label><select name=\"kb_field_4\" id=\"kb_field__e83ef9-f2_4\" data-label=\"Motorstyrka som du \u00e4r intresserad av (125-300hp)\" type=\"select\" value=\"\" data-type=\"select\" class=\"kb-field kb-select-style-field kb-select-field kb-field-4\" data-required=\"yes\"><option value=\"125hp\">125hp<\/option><option value=\"150hp\">150hp<\/option><option value=\"175hp\">175hp<\/option><option value=\"200hp\">200hp<\/option><option value=\"300hp\">300hp<\/option><\/select><\/div><div class=\"kadence-blocks-form-field kb-form-field-5 kb-field-desk-width-50 kb-input-size-standard\"><label for=\"kb_field__e83ef9-f2_5\">Number of hours that you operate\/year  <\/label><input name=\"kb_field_5\" id=\"kb_field__e83ef9-f2_5\" data-label=\"Antalet timmar du k\u00f6r per \u00e5r  \" type=\"text\" placeholder=\"\" value=\"\" data-type=\"text\" class=\"kb-field kb-text-style-field kb-text-field kb-field-5\" data-required=\"yes\"\/><\/div><div class=\"kadence-blocks-form-field kb-form-field-6 kb-field-desk-width-50 kb-input-size-standard\"><label for=\"kb_field__e83ef9-f2_6\">Cost of service\/year<\/label><input name=\"kb_field_6\" id=\"kb_field__e83ef9-f2_6\" data-label=\"Servicekostnad per \u00e5r\" type=\"text\" placeholder=\"Optional\" value=\"\" data-type=\"text\" class=\"kb-field kb-text-style-field kb-text-field kb-field-6\"\/><\/div><div class=\"kadence-blocks-form-field kb-form-field-7 kb-field-desk-width-50 kb-input-size-standard\"><label for=\"kb_field__e83ef9-f2_7\">Cost of Diesel\/liter<\/label><input name=\"kb_field_7\" id=\"kb_field__e83ef9-f2_7\" data-label=\"Kostnad du har f\u00f6r diesel\/liter\" type=\"text\" placeholder=\"Optional\" value=\"\" data-type=\"text\" class=\"kb-field kb-text-style-field kb-text-field kb-field-7\"\/><\/div><div class=\"kadence-blocks-form-field kb-form-field-8 kb-field-desk-width-50 kb-input-size-standard\"><label for=\"kb_field__e83ef9-f2_8\">Cost of gasoline\/liter<\/label><input name=\"kb_field_8\" id=\"kb_field__e83ef9-f2_8\" data-label=\"Kostnad du har f\u00f6r bensin\/liter\" type=\"text\" placeholder=\"Optional\" value=\"\" data-type=\"text\" class=\"kb-field kb-text-style-field kb-text-field kb-field-8\"\/><\/div><div class=\"kadence-blocks-form-field kb-form-field-9 kb-field-desk-width-100 kb-input-size-standard\"><label for=\"kb_field__e83ef9-f2_9\">Type of boat\/model<\/label><input name=\"kb_field_9\" id=\"kb_field__e83ef9-f2_9\" data-label=\"B\u00e5tfabrikat\/Modell\" type=\"text\" placeholder=\"Optional\" value=\"\" data-type=\"text\" class=\"kb-field kb-text-style-field kb-text-field kb-field-9\"\/><\/div><div class=\"kadence-blocks-form-field kb-form-field-10 kb-field-desk-width-100 kb-input-size-standard\"><label for=\"kb_field__e83ef9-f2_10\">Other information<\/label><textarea name=\"kb_field_10\" id=\"kb_field__e83ef9-f2_10\" data-label=\"\u00d6vrig information\" type=\"textarea\" placeholder=\"Optional\" data-type=\"textarea\" class=\"kb-field kb-text-style-field kb-textarea-field kb-field-10\" rows=\"4\"><\/textarea><\/div><input type=\"hidden\" name=\"_kb_form_id\" value=\"_e83ef9-f2\"\/><input type=\"hidden\" name=\"_kb_form_post_id\" value=\"1896\"\/><input type=\"hidden\" name=\"action\" value=\"kb_process_ajax_submit\"\/><input class=\"kadence-blocks-field verify\" type=\"text\" name=\"_kb_verify_email\" autocomplete=\"new-password\" aria-hidden=\"true\" placeholder=\"Email\" tabindex=\"-1\" data-1p-ignore=\"true\" data-lpignore=\"true\" \/><div class=\"kadence-blocks-form-field kb-submit-field kb-field-desk-width-100\"><button class=\"kb-forms-submit button kb-button-size-custom kb-button-width-full\">send<\/button><\/div><input type=\"hidden\" name=\"trp-form-language\" value=\"en\"\/><\/form><\/div>\n<noscript><div class=\"kadence-blocks-form-message kadence-blocks-form-warning\">Please enable JavaScript in your browser to submit the form<\/div><style>.kadence-form-_e83ef9-f2 .kadence-blocks-form-field.kb-submit-field { display: none; }<\/style><\/noscript><\/div><\/div><\/div><\/div><\/div>","protected":false},"excerpt":{"rendered":"<p>Milj\u00f6 och kostnadsanalys I v\u00e5r kalkylator kan du f\u00e5 en personlig kalkyl som visar vilka besparingar du kan g\u00f6ra med just dina f\u00f6ruts\u00e4ttningar n\u00e4r du v\u00e4ljer en OXE Diesel utombordare. Vi kommer \u00e4ven att visa hur mycket mindre CO2 som du sl\u00e4pper ut i v\u00e5r milj\u00f6 Om du svarar p\u00e5 dessa fr\u00e5gor nedan s\u00e5 \u00e5terkommer&#8230;<\/p>","protected":false},"author":1,"featured_media":0,"parent":1297,"menu_order":0,"comment_status":"closed","ping_status":"closed","template":"","meta":{"_eb_attr":"","_monsterinsights_skip_tracking":false,"_monsterinsights_sitenote_active":false,"_monsterinsights_sitenote_note":"","_monsterinsights_sitenote_category":0,"_kadence_starter_templates_imported_post":false,"_kad_post_transparent":"","_kad_post_title":"","_kad_post_layout":"","_kad_post_sidebar_id":"","_kad_post_content_style":"","_kad_post_vertical_padding":"","_kad_post_feature":"","_kad_post_feature_position":"","_kad_post_header":false,"_kad_post_footer":false,"footnotes":""},"class_list":["post-1896","page","type-page","status-publish","hentry"],"aioseo_notices":[],"_links":{"self":[{"href":"https:\/\/sarj.se\/en\/wp-json\/wp\/v2\/pages\/1896","targetHints":{"allow":["GET"]}}],"collection":[{"href":"https:\/\/sarj.se\/en\/wp-json\/wp\/v2\/pages"}],"about":[{"href":"https:\/\/sarj.se\/en\/wp-json\/wp\/v2\/types\/page"}],"author":[{"embeddable":true,"href":"https:\/\/sarj.se\/en\/wp-json\/wp\/v2\/users\/1"}],"replies":[{"embeddable":true,"href":"https:\/\/sarj.se\/en\/wp-json\/wp\/v2\/comments?post=1896"}],"version-history":[{"count":13,"href":"https:\/\/sarj.se\/en\/wp-json\/wp\/v2\/pages\/1896\/revisions"}],"predecessor-version":[{"id":1977,"href":"https:\/\/sarj.se\/en\/wp-json\/wp\/v2\/pages\/1896\/revisions\/1977"}],"up":[{"embeddable":true,"href":"https:\/\/sarj.se\/en\/wp-json\/wp\/v2\/pages\/1297"}],"wp:attachment":[{"href":"https:\/\/sarj.se\/en\/wp-json\/wp\/v2\/media?parent=1896"}],"curies":[{"name":"wp","href":"https:\/\/api.w.org\/{rel}","templated":true}]}}